{"id":16882,"date":"2023-06-16T15:54:43","date_gmt":"2023-06-16T21:54:43","guid":{"rendered":"https:\/\/www.chapultepec.org.mx\/?post_type=product&#038;p=16882"},"modified":"2023-06-16T15:54:43","modified_gmt":"2023-06-16T21:54:43","slug":"abanico-pro-bosque-chapultepec-2","status":"publish","type":"product","link":"https:\/\/www.chapultepec.org.mx\/en\/product\/abanico-pro-bosque-chapultepec-2\/","title":{"rendered":"Abanico Pro Bosque Chapultepec 2"},"content":{"rendered":"<p>Abanico Pro Bosque Chapultepec inspirado en el dise\u00f1o de las mariposas y flores del Bosque de Chapultepec, f\u00e1cil de llevar, ligero y \u00fasalo en cualquier momento del d\u00eda. Recuerda que al adquirir un producto especial como este, apoyas al Bosque de Chapultepec en su conservaci\u00f3n y rehabilitaci\u00f3n.<\/p>","protected":false},"excerpt":{"rendered":"<p>Abanico Pro Bosque Chapultepec inspirado en el dise\u00f1o de las mariposas y flores del Bosque de Chapultepec, f\u00e1cil de llevar, ligero y \u00fasalo en cualquier momento del d\u00eda. Recuerda que al adquirir un producto especial como este, apoyas al Bosque de Chapultepec en su conservaci\u00f3n y rehabilitaci\u00f3n.<\/p>","protected":false},"featured_media":16883,"comment_status":"open","ping_status":"closed","template":"","meta":{"_acf_changed":false,"give_campaign_id":0},"product_brand":[],"product_cat":[984,949],"product_tag":[],"class_list":{"0":"post-16882","1":"product","2":"type-product","3":"status-publish","4":"has-post-thumbnail","6":"product_cat-abanicosregalos","7":"product_cat-regalos","9":"first","10":"outofstock","11":"shipping-taxable","12":"purchasable","13":"product-type-simple"},"acf":[],"_links":{"self":[{"href":"https:\/\/www.chapultepec.org.mx\/en\/wp-json\/wp\/v2\/product\/16882","targetHints":{"allow":["GET"]}}],"collection":[{"href":"https:\/\/www.chapultepec.org.mx\/en\/wp-json\/wp\/v2\/product"}],"about":[{"href":"https:\/\/www.chapultepec.org.mx\/en\/wp-json\/wp\/v2\/types\/product"}],"replies":[{"embeddable":true,"href":"https:\/\/www.chapultepec.org.mx\/en\/wp-json\/wp\/v2\/comments?post=16882"}],"wp:featuredmedia":[{"embeddable":true,"href":"https:\/\/www.chapultepec.org.mx\/en\/wp-json\/wp\/v2\/media\/16883"}],"wp:attachment":[{"href":"https:\/\/www.chapultepec.org.mx\/en\/wp-json\/wp\/v2\/media?parent=16882"}],"wp:term":[{"taxonomy":"product_brand","embeddable":true,"href":"https:\/\/www.chapultepec.org.mx\/en\/wp-json\/wp\/v2\/product_brand?post=16882"},{"taxonomy":"product_cat","embeddable":true,"href":"https:\/\/www.chapultepec.org.mx\/en\/wp-json\/wp\/v2\/product_cat?post=16882"},{"taxonomy":"product_tag","embeddable":true,"href":"https:\/\/www.chapultepec.org.mx\/en\/wp-json\/wp\/v2\/product_tag?post=16882"}],"curies":[{"name":"wp","href":"https:\/\/api.w.org\/{rel}","templated":true}]}}