{"id":16143,"date":"2023-04-19T14:24:32","date_gmt":"2023-04-19T20:24:32","guid":{"rendered":"https:\/\/www.chapultepec.org.mx\/?post_type=product&#038;p=16143"},"modified":"2023-04-19T14:24:32","modified_gmt":"2023-04-19T20:24:32","slug":"boton-pro-bosque-de-chapultepec","status":"publish","type":"product","link":"https:\/\/www.chapultepec.org.mx\/en\/product\/boton-pro-bosque-de-chapultepec\/","title":{"rendered":"Bot\u00f3n Pro Bosque de Chapultepec"},"content":{"rendered":"<p>Un bot\u00f3n con dise\u00f1os exclusivos del bosque de Chapultepec, para colocarlos en donde mas te guste y as\u00ed llevar un distintivo del Bosque de Chapultepec y recuerda que con tu apoyo, contribuyes al beneficio del Bosque de Chapultepec.<\/p>","protected":false},"excerpt":{"rendered":"<p>Un bot\u00f3n con dise\u00f1os exclusivos del bosque de Chapultepec, para colocarlos en donde mas te guste y as\u00ed llevar un distintivo del Bosque de Chapultepec y recuerda que con tu apoyo, contribuyes al beneficio del Bosque de Chapultepec.<\/p>","protected":false},"featured_media":16144,"comment_status":"open","ping_status":"closed","template":"","meta":{"_acf_changed":false,"give_campaign_id":0},"product_brand":[],"product_cat":[946,947],"product_tag":[],"class_list":{"0":"post-16143","1":"product","2":"type-product","3":"status-publish","4":"has-post-thumbnail","6":"product_cat-accesorios","7":"product_cat-botones","9":"first","10":"instock","11":"shipping-taxable","12":"purchasable","13":"product-type-simple"},"acf":[],"_links":{"self":[{"href":"https:\/\/www.chapultepec.org.mx\/en\/wp-json\/wp\/v2\/product\/16143","targetHints":{"allow":["GET"]}}],"collection":[{"href":"https:\/\/www.chapultepec.org.mx\/en\/wp-json\/wp\/v2\/product"}],"about":[{"href":"https:\/\/www.chapultepec.org.mx\/en\/wp-json\/wp\/v2\/types\/product"}],"replies":[{"embeddable":true,"href":"https:\/\/www.chapultepec.org.mx\/en\/wp-json\/wp\/v2\/comments?post=16143"}],"wp:featuredmedia":[{"embeddable":true,"href":"https:\/\/www.chapultepec.org.mx\/en\/wp-json\/wp\/v2\/media\/16144"}],"wp:attachment":[{"href":"https:\/\/www.chapultepec.org.mx\/en\/wp-json\/wp\/v2\/media?parent=16143"}],"wp:term":[{"taxonomy":"product_brand","embeddable":true,"href":"https:\/\/www.chapultepec.org.mx\/en\/wp-json\/wp\/v2\/product_brand?post=16143"},{"taxonomy":"product_cat","embeddable":true,"href":"https:\/\/www.chapultepec.org.mx\/en\/wp-json\/wp\/v2\/product_cat?post=16143"},{"taxonomy":"product_tag","embeddable":true,"href":"https:\/\/www.chapultepec.org.mx\/en\/wp-json\/wp\/v2\/product_tag?post=16143"}],"curies":[{"name":"wp","href":"https:\/\/api.w.org\/{rel}","templated":true}]}}