{"id":13437,"date":"2022-11-04T11:50:47","date_gmt":"2022-11-04T17:50:47","guid":{"rendered":"https:\/\/www.chapultepec.org.mx\/?post_type=product&#038;p=13437"},"modified":"2022-11-04T11:50:47","modified_gmt":"2022-11-04T17:50:47","slug":"guia-de-campo-conabio-plantas-e-insectos-del-bosque-de-chapultepec","status":"publish","type":"product","link":"https:\/\/www.chapultepec.org.mx\/en\/product\/guia-de-campo-conabio-plantas-e-insectos-del-bosque-de-chapultepec\/","title":{"rendered":"Guia de campo CONABIO &#8220;Plantas e Insectos&#8221; del Bosque de Chapultepec"},"content":{"rendered":"<p>Gu\u00eda de campo realizada por la CONABIO, donde encontraras informaci\u00f3n relevante de las distintas plantas e insectos que habitan en el Bosque de Chapultepec &#8211;<\/p>\n<p>al adquirir esta gu\u00eda, con tu donativo a poyas a seguir preservando estas lindas especies del Bosque de Chapultepec.<\/p>","protected":false},"excerpt":{"rendered":"<p>Gu\u00eda de campo realizada por la CONABIO, donde encontraras informaci\u00f3n relevante de las distintas plantas e insectos que habitan en el Bosque de Chapultepec &#8211; al adquirir esta gu\u00eda, con tu donativo a poyas a seguir preservando estas lindas especies del Bosque de Chapultepec.<\/p>","protected":false},"featured_media":15800,"comment_status":"open","ping_status":"closed","template":"","meta":{"_acf_changed":false,"give_campaign_id":0},"product_brand":[],"product_cat":[974,953],"product_tag":[],"class_list":{"0":"post-13437","1":"product","2":"type-product","3":"status-publish","4":"has-post-thumbnail","6":"product_cat-guias-de-campo-conabio-del-bosque-dechapultepec","7":"product_cat-libros","9":"first","10":"instock","11":"shipping-taxable","12":"purchasable","13":"product-type-simple"},"acf":[],"_links":{"self":[{"href":"https:\/\/www.chapultepec.org.mx\/en\/wp-json\/wp\/v2\/product\/13437","targetHints":{"allow":["GET"]}}],"collection":[{"href":"https:\/\/www.chapultepec.org.mx\/en\/wp-json\/wp\/v2\/product"}],"about":[{"href":"https:\/\/www.chapultepec.org.mx\/en\/wp-json\/wp\/v2\/types\/product"}],"replies":[{"embeddable":true,"href":"https:\/\/www.chapultepec.org.mx\/en\/wp-json\/wp\/v2\/comments?post=13437"}],"wp:featuredmedia":[{"embeddable":true,"href":"https:\/\/www.chapultepec.org.mx\/en\/wp-json\/wp\/v2\/media\/15800"}],"wp:attachment":[{"href":"https:\/\/www.chapultepec.org.mx\/en\/wp-json\/wp\/v2\/media?parent=13437"}],"wp:term":[{"taxonomy":"product_brand","embeddable":true,"href":"https:\/\/www.chapultepec.org.mx\/en\/wp-json\/wp\/v2\/product_brand?post=13437"},{"taxonomy":"product_cat","embeddable":true,"href":"https:\/\/www.chapultepec.org.mx\/en\/wp-json\/wp\/v2\/product_cat?post=13437"},{"taxonomy":"product_tag","embeddable":true,"href":"https:\/\/www.chapultepec.org.mx\/en\/wp-json\/wp\/v2\/product_tag?post=13437"}],"curies":[{"name":"wp","href":"https:\/\/api.w.org\/{rel}","templated":true}]}}