{"id":12558,"date":"2021-11-26T12:57:33","date_gmt":"2021-11-26T18:57:33","guid":{"rendered":"https:\/\/www.chapultepec.org.mx\/?post_type=product&#038;p=12558"},"modified":"2025-12-06T14:40:13","modified_gmt":"2025-12-06T20:40:13","slug":"libro-espanol-sitio-sagrado-y-natural-de-mexico-bosque-de-chapultepec-pasta-suave","status":"publish","type":"product","link":"https:\/\/www.chapultepec.org.mx\/en\/product\/libro-espanol-sitio-sagrado-y-natural-de-mexico-bosque-de-chapultepec-pasta-suave\/","title":{"rendered":"Libro (Espa\u00f1ol) Sitio Sagrado y Natural de M\u00e9xico Bosque de Chapultepec &#8211; (Pasta Suave)"},"content":{"rendered":"<p>Un recorrido por la historia de nuestro m\u00e1gico Bosque, desde la \u00e9poca prehisp\u00e1nica hasta nuestros d\u00edas y narrada con algunas de las plumas m\u00e1s prestigiadas de M\u00e9xico, como la de Eduardo Matos Moctezuma.<\/p>\n<h5><em><a href=\"https:\/\/www.chapultepec.org.mx\/wp-content\/uploads\/2023\/08\/FE-DE-ERRATAS-LIBRO-CHAPULTEPEC....-corregido.jpg\"><strong>*Fe de erratas<\/strong><\/a><\/em><\/h5>","protected":false},"excerpt":{"rendered":"<p>Un recorrido por la historia de nuestro m\u00e1gico Bosque, desde la \u00e9poca prehisp\u00e1nica hasta nuestros d\u00edas y narrada con algunas de las plumas m\u00e1s prestigiadas de M\u00e9xico, como la de Eduardo Matos Moctezuma. *Fe de erratas<\/p>","protected":false},"featured_media":15668,"comment_status":"open","ping_status":"closed","template":"","meta":{"_acf_changed":false,"give_campaign_id":0},"product_brand":[],"product_cat":[961,953],"product_tag":[],"class_list":{"0":"post-12558","1":"product","2":"type-product","3":"status-publish","4":"has-post-thumbnail","6":"product_cat-libro-bosque-de-chapultepec-sitio-sagrado-y-natural-de-mexico","7":"product_cat-libros","9":"first","10":"outofstock","11":"shipping-taxable","12":"purchasable","13":"product-type-simple"},"acf":[],"_links":{"self":[{"href":"https:\/\/www.chapultepec.org.mx\/en\/wp-json\/wp\/v2\/product\/12558","targetHints":{"allow":["GET"]}}],"collection":[{"href":"https:\/\/www.chapultepec.org.mx\/en\/wp-json\/wp\/v2\/product"}],"about":[{"href":"https:\/\/www.chapultepec.org.mx\/en\/wp-json\/wp\/v2\/types\/product"}],"replies":[{"embeddable":true,"href":"https:\/\/www.chapultepec.org.mx\/en\/wp-json\/wp\/v2\/comments?post=12558"}],"wp:featuredmedia":[{"embeddable":true,"href":"https:\/\/www.chapultepec.org.mx\/en\/wp-json\/wp\/v2\/media\/15668"}],"wp:attachment":[{"href":"https:\/\/www.chapultepec.org.mx\/en\/wp-json\/wp\/v2\/media?parent=12558"}],"wp:term":[{"taxonomy":"product_brand","embeddable":true,"href":"https:\/\/www.chapultepec.org.mx\/en\/wp-json\/wp\/v2\/product_brand?post=12558"},{"taxonomy":"product_cat","embeddable":true,"href":"https:\/\/www.chapultepec.org.mx\/en\/wp-json\/wp\/v2\/product_cat?post=12558"},{"taxonomy":"product_tag","embeddable":true,"href":"https:\/\/www.chapultepec.org.mx\/en\/wp-json\/wp\/v2\/product_tag?post=12558"}],"curies":[{"name":"wp","href":"https:\/\/api.w.org\/{rel}","templated":true}]}}