{"id":11269,"date":"2021-06-18T14:31:41","date_gmt":"2021-06-18T20:31:41","guid":{"rendered":"https:\/\/www.chapultepec.org.mx\/?post_type=product&#038;p=11269"},"modified":"2021-06-18T14:31:41","modified_gmt":"2021-06-18T20:31:41","slug":"documental-bosque-de-chapultepec","status":"publish","type":"product","link":"https:\/\/www.chapultepec.org.mx\/en\/product\/documental-bosque-de-chapultepec\/","title":{"rendered":"Video Bosque de Chapultepec de Noche"},"content":{"rendered":"<p>Un documental en el cual te brinda la explicaci\u00f3n y representaci\u00f3n de diferentes sitios arqueol\u00f3gicos del bosque de chapultepec dentro de la 1 ra. secci\u00f3n, no puedes dejar de verlo y sin duda es un grandioso obsequio.<\/p>","protected":false},"excerpt":{"rendered":"<p>Un documental en el cual te brinda la explicaci\u00f3n y representaci\u00f3n de diferentes sitios arqueol\u00f3gicos del bosque de chapultepec dentro de la 1 ra. secci\u00f3n, no puedes dejar de verlo y sin duda es un grandioso obsequio.<\/p>","protected":false},"featured_media":15762,"comment_status":"open","ping_status":"closed","template":"","meta":{"_acf_changed":false,"give_campaign_id":0},"product_brand":[],"product_cat":[949,965],"product_tag":[],"class_list":{"0":"post-11269","1":"product","2":"type-product","3":"status-publish","4":"has-post-thumbnail","6":"product_cat-regalos","7":"product_cat-documental-regalos","9":"first","10":"instock","11":"shipping-taxable","12":"purchasable","13":"product-type-simple"},"acf":[],"_links":{"self":[{"href":"https:\/\/www.chapultepec.org.mx\/en\/wp-json\/wp\/v2\/product\/11269","targetHints":{"allow":["GET"]}}],"collection":[{"href":"https:\/\/www.chapultepec.org.mx\/en\/wp-json\/wp\/v2\/product"}],"about":[{"href":"https:\/\/www.chapultepec.org.mx\/en\/wp-json\/wp\/v2\/types\/product"}],"replies":[{"embeddable":true,"href":"https:\/\/www.chapultepec.org.mx\/en\/wp-json\/wp\/v2\/comments?post=11269"}],"wp:featuredmedia":[{"embeddable":true,"href":"https:\/\/www.chapultepec.org.mx\/en\/wp-json\/wp\/v2\/media\/15762"}],"wp:attachment":[{"href":"https:\/\/www.chapultepec.org.mx\/en\/wp-json\/wp\/v2\/media?parent=11269"}],"wp:term":[{"taxonomy":"product_brand","embeddable":true,"href":"https:\/\/www.chapultepec.org.mx\/en\/wp-json\/wp\/v2\/product_brand?post=11269"},{"taxonomy":"product_cat","embeddable":true,"href":"https:\/\/www.chapultepec.org.mx\/en\/wp-json\/wp\/v2\/product_cat?post=11269"},{"taxonomy":"product_tag","embeddable":true,"href":"https:\/\/www.chapultepec.org.mx\/en\/wp-json\/wp\/v2\/product_tag?post=11269"}],"curies":[{"name":"wp","href":"https:\/\/api.w.org\/{rel}","templated":true}]}}