{"id":10912,"date":"2021-06-04T09:34:41","date_gmt":"2021-06-04T15:34:41","guid":{"rendered":"https:\/\/www.chapultepec.org.mx\/?post_type=product&#038;p=10912"},"modified":"2026-01-06T14:40:56","modified_gmt":"2026-01-06T20:40:56","slug":"libro-espanol-sitio-sagrado-y-natural-de-mexico-bosque-de-chapultepec","status":"publish","type":"product","link":"https:\/\/www.chapultepec.org.mx\/en\/product\/libro-espanol-sitio-sagrado-y-natural-de-mexico-bosque-de-chapultepec\/","title":{"rendered":"Libro (espa\u00f1ol) Sitio Sagrado y Natural de M\u00e9xico Bosque de Chapultepec"},"content":{"rendered":"<p>Un recorrido por la historia de nuestro m\u00e1gico Bosque, desde la \u00e9poca prehisp\u00e1nica hasta nuestros d\u00edas y narrada con algunas de las plumas m\u00e1s prestigiadas de M\u00e9xico, como la de Eduardo Matos Moctezuma.<\/p>\n<p><strong><em><a href=\"https:\/\/www.chapultepec.org.mx\/wp-content\/uploads\/2023\/08\/FE-DE-ERRATAS-LIBRO-CHAPULTEPEC....-corregido.jpg\">*Fe de erratas<\/a><\/em><\/strong><\/p>","protected":false},"excerpt":{"rendered":"<p>Un recorrido por la historia de nuestro m\u00e1gico Bosque, desde la \u00e9poca prehisp\u00e1nica hasta nuestros d\u00edas y narrada con algunas de las plumas m\u00e1s prestigiadas de M\u00e9xico, como la de Eduardo Matos Moctezuma. *Fe de erratas<\/p>","protected":false},"featured_media":15806,"comment_status":"open","ping_status":"closed","template":"","meta":{"_acf_changed":false,"give_campaign_id":0},"product_brand":[],"product_cat":[961,953],"product_tag":[],"class_list":{"0":"post-10912","1":"product","2":"type-product","3":"status-publish","4":"has-post-thumbnail","6":"product_cat-libro-bosque-de-chapultepec-sitio-sagrado-y-natural-de-mexico","7":"product_cat-libros","9":"first","10":"instock","11":"shipping-taxable","12":"purchasable","13":"product-type-simple"},"acf":[],"_links":{"self":[{"href":"https:\/\/www.chapultepec.org.mx\/en\/wp-json\/wp\/v2\/product\/10912","targetHints":{"allow":["GET"]}}],"collection":[{"href":"https:\/\/www.chapultepec.org.mx\/en\/wp-json\/wp\/v2\/product"}],"about":[{"href":"https:\/\/www.chapultepec.org.mx\/en\/wp-json\/wp\/v2\/types\/product"}],"replies":[{"embeddable":true,"href":"https:\/\/www.chapultepec.org.mx\/en\/wp-json\/wp\/v2\/comments?post=10912"}],"wp:featuredmedia":[{"embeddable":true,"href":"https:\/\/www.chapultepec.org.mx\/en\/wp-json\/wp\/v2\/media\/15806"}],"wp:attachment":[{"href":"https:\/\/www.chapultepec.org.mx\/en\/wp-json\/wp\/v2\/media?parent=10912"}],"wp:term":[{"taxonomy":"product_brand","embeddable":true,"href":"https:\/\/www.chapultepec.org.mx\/en\/wp-json\/wp\/v2\/product_brand?post=10912"},{"taxonomy":"product_cat","embeddable":true,"href":"https:\/\/www.chapultepec.org.mx\/en\/wp-json\/wp\/v2\/product_cat?post=10912"},{"taxonomy":"product_tag","embeddable":true,"href":"https:\/\/www.chapultepec.org.mx\/en\/wp-json\/wp\/v2\/product_tag?post=10912"}],"curies":[{"name":"wp","href":"https:\/\/api.w.org\/{rel}","templated":true}]}}