{"id":10877,"date":"2021-06-04T09:34:19","date_gmt":"2021-06-04T15:34:19","guid":{"rendered":"https:\/\/www.chapultepec.org.mx\/?post_type=product&#038;p=10877"},"modified":"2026-03-30T21:45:44","modified_gmt":"2026-03-31T03:45:44","slug":"libreta-para-colorear","status":"publish","type":"product","link":"https:\/\/www.chapultepec.org.mx\/en\/product\/libreta-para-colorear\/","title":{"rendered":"Libreta para colorear Pro Bosque Chapultepec"},"content":{"rendered":"<p>Un s\u00faper regalo, por su dise\u00f1o, pero tambi\u00e9n por su tama\u00f1o pues realmente no pesa y la puedes llevar contigo en casi cualquier bolsa o en la mochila de tus hijos. Cuenta con informaci\u00f3n muy interesante sobre el Bosque, entonces, mientras iluminas, aprendes.<\/p>","protected":false},"excerpt":{"rendered":"<p>Un s\u00faper regalo, por su dise\u00f1o, pero tambi\u00e9n por su tama\u00f1o pues realmente no pesa y la puedes llevar contigo en casi cualquier bolsa o en la mochila de tus hijos. Cuenta con informaci\u00f3n muy interesante sobre el Bosque, entonces, mientras iluminas, aprendes.<\/p>","protected":false},"featured_media":15768,"comment_status":"open","ping_status":"closed","template":"","meta":{"_acf_changed":false,"give_campaign_id":0},"product_brand":[],"product_cat":[960,953],"product_tag":[],"class_list":{"0":"post-10877","1":"product","2":"type-product","3":"status-publish","4":"has-post-thumbnail","6":"product_cat-libreta-para-colorear","7":"product_cat-libros","9":"first","10":"instock","11":"shipping-taxable","12":"purchasable","13":"product-type-simple"},"acf":[],"_links":{"self":[{"href":"https:\/\/www.chapultepec.org.mx\/en\/wp-json\/wp\/v2\/product\/10877","targetHints":{"allow":["GET"]}}],"collection":[{"href":"https:\/\/www.chapultepec.org.mx\/en\/wp-json\/wp\/v2\/product"}],"about":[{"href":"https:\/\/www.chapultepec.org.mx\/en\/wp-json\/wp\/v2\/types\/product"}],"replies":[{"embeddable":true,"href":"https:\/\/www.chapultepec.org.mx\/en\/wp-json\/wp\/v2\/comments?post=10877"}],"wp:featuredmedia":[{"embeddable":true,"href":"https:\/\/www.chapultepec.org.mx\/en\/wp-json\/wp\/v2\/media\/15768"}],"wp:attachment":[{"href":"https:\/\/www.chapultepec.org.mx\/en\/wp-json\/wp\/v2\/media?parent=10877"}],"wp:term":[{"taxonomy":"product_brand","embeddable":true,"href":"https:\/\/www.chapultepec.org.mx\/en\/wp-json\/wp\/v2\/product_brand?post=10877"},{"taxonomy":"product_cat","embeddable":true,"href":"https:\/\/www.chapultepec.org.mx\/en\/wp-json\/wp\/v2\/product_cat?post=10877"},{"taxonomy":"product_tag","embeddable":true,"href":"https:\/\/www.chapultepec.org.mx\/en\/wp-json\/wp\/v2\/product_tag?post=10877"}],"curies":[{"name":"wp","href":"https:\/\/api.w.org\/{rel}","templated":true}]}}