{"id":10876,"date":"2021-06-04T09:34:19","date_gmt":"2021-06-04T15:34:19","guid":{"rendered":"https:\/\/www.chapultepec.org.mx\/?post_type=product&#038;p=10876"},"modified":"2025-09-12T17:10:01","modified_gmt":"2025-09-12T23:10:01","slug":"frazada-negra-grillo-pro-bosque","status":"publish","type":"product","link":"https:\/\/www.chapultepec.org.mx\/en\/product\/frazada-negra-grillo-pro-bosque\/","title":{"rendered":"Frazada Negra Chapul\u00edn Pro Bosque Chapultepec"},"content":{"rendered":"<p>Buen\u00edsimas para tu casa, el avi\u00f3n o carreteras. Son delgaditas pero muy calientitas y son s\u00faper f\u00e1ciles de guardar en cualquier bolsa, adem\u00e1s, tienen nuestro dise\u00f1o del chapul\u00edn.<\/p>","protected":false},"excerpt":{"rendered":"<p>Buen\u00edsimas para tu casa, el avi\u00f3n o carreteras. Son delgaditas pero muy calientitas y son s\u00faper f\u00e1ciles de guardar en cualquier bolsa, adem\u00e1s, tienen nuestro dise\u00f1o del chapul\u00edn.<\/p>","protected":false},"featured_media":15770,"comment_status":"open","ping_status":"closed","template":"","meta":{"_acf_changed":false,"give_campaign_id":0},"product_brand":[],"product_cat":[958,929],"product_tag":[],"class_list":{"0":"post-10876","1":"product","2":"type-product","3":"status-publish","4":"has-post-thumbnail","6":"product_cat-frazada","7":"product_cat-vestir","9":"first","10":"instock","11":"shipping-taxable","12":"purchasable","13":"product-type-simple"},"acf":[],"_links":{"self":[{"href":"https:\/\/www.chapultepec.org.mx\/en\/wp-json\/wp\/v2\/product\/10876","targetHints":{"allow":["GET"]}}],"collection":[{"href":"https:\/\/www.chapultepec.org.mx\/en\/wp-json\/wp\/v2\/product"}],"about":[{"href":"https:\/\/www.chapultepec.org.mx\/en\/wp-json\/wp\/v2\/types\/product"}],"replies":[{"embeddable":true,"href":"https:\/\/www.chapultepec.org.mx\/en\/wp-json\/wp\/v2\/comments?post=10876"}],"wp:featuredmedia":[{"embeddable":true,"href":"https:\/\/www.chapultepec.org.mx\/en\/wp-json\/wp\/v2\/media\/15770"}],"wp:attachment":[{"href":"https:\/\/www.chapultepec.org.mx\/en\/wp-json\/wp\/v2\/media?parent=10876"}],"wp:term":[{"taxonomy":"product_brand","embeddable":true,"href":"https:\/\/www.chapultepec.org.mx\/en\/wp-json\/wp\/v2\/product_brand?post=10876"},{"taxonomy":"product_cat","embeddable":true,"href":"https:\/\/www.chapultepec.org.mx\/en\/wp-json\/wp\/v2\/product_cat?post=10876"},{"taxonomy":"product_tag","embeddable":true,"href":"https:\/\/www.chapultepec.org.mx\/en\/wp-json\/wp\/v2\/product_tag?post=10876"}],"curies":[{"name":"wp","href":"https:\/\/api.w.org\/{rel}","templated":true}]}}