{"id":10841,"date":"2021-06-04T09:33:55","date_gmt":"2021-06-04T15:33:55","guid":{"rendered":"https:\/\/www.chapultepec.org.mx\/?post_type=product&#038;p=10841"},"modified":"2021-06-04T09:33:55","modified_gmt":"2021-06-04T15:33:55","slug":"taza-jacaranda","status":"publish","type":"product","link":"https:\/\/www.chapultepec.org.mx\/en\/product\/taza-jacaranda\/","title":{"rendered":"Taza Jacaranda Pro Bosque Chapultepec"},"content":{"rendered":"<p>Elegante, minimalista, ligera, adem\u00e1s guardiana de tus bebidas calientes y al elegir el dise\u00f1o de la Jacaranda ayudas al bosque. Padr\u00edsimo. En cer\u00e1mica blanca.<\/p>","protected":false},"excerpt":{"rendered":"<p>Elegante, minimalista, ligera, adem\u00e1s guardiana de tus bebidas calientes y al elegir el dise\u00f1o de la Jacaranda ayudas al bosque. Padr\u00edsimo. En cer\u00e1mica blanca.<\/p>","protected":false},"featured_media":15778,"comment_status":"open","ping_status":"closed","template":"","meta":{"_acf_changed":false,"give_campaign_id":0},"product_brand":[],"product_cat":[949,957],"product_tag":[],"class_list":{"0":"post-10841","1":"product","2":"type-product","3":"status-publish","4":"has-post-thumbnail","6":"product_cat-regalos","7":"product_cat-taza","9":"first","10":"outofstock","11":"shipping-taxable","12":"purchasable","13":"product-type-variable"},"acf":[],"_links":{"self":[{"href":"https:\/\/www.chapultepec.org.mx\/en\/wp-json\/wp\/v2\/product\/10841","targetHints":{"allow":["GET"]}}],"collection":[{"href":"https:\/\/www.chapultepec.org.mx\/en\/wp-json\/wp\/v2\/product"}],"about":[{"href":"https:\/\/www.chapultepec.org.mx\/en\/wp-json\/wp\/v2\/types\/product"}],"replies":[{"embeddable":true,"href":"https:\/\/www.chapultepec.org.mx\/en\/wp-json\/wp\/v2\/comments?post=10841"}],"wp:featuredmedia":[{"embeddable":true,"href":"https:\/\/www.chapultepec.org.mx\/en\/wp-json\/wp\/v2\/media\/15778"}],"wp:attachment":[{"href":"https:\/\/www.chapultepec.org.mx\/en\/wp-json\/wp\/v2\/media?parent=10841"}],"wp:term":[{"taxonomy":"product_brand","embeddable":true,"href":"https:\/\/www.chapultepec.org.mx\/en\/wp-json\/wp\/v2\/product_brand?post=10841"},{"taxonomy":"product_cat","embeddable":true,"href":"https:\/\/www.chapultepec.org.mx\/en\/wp-json\/wp\/v2\/product_cat?post=10841"},{"taxonomy":"product_tag","embeddable":true,"href":"https:\/\/www.chapultepec.org.mx\/en\/wp-json\/wp\/v2\/product_tag?post=10841"}],"curies":[{"name":"wp","href":"https:\/\/api.w.org\/{rel}","templated":true}]}}