{"id":10758,"date":"2021-06-04T09:33:10","date_gmt":"2021-06-04T15:33:10","guid":{"rendered":"https:\/\/www.chapultepec.org.mx\/?post_type=product&#038;p=10758"},"modified":"2021-06-04T09:33:10","modified_gmt":"2021-06-04T15:33:10","slug":"gorra-grillo-pro-bosque","status":"publish","type":"product","link":"https:\/\/www.chapultepec.org.mx\/en\/product\/gorra-grillo-pro-bosque\/","title":{"rendered":"Gorra Chapul\u00edn Pro Bosque Chapultepec"},"content":{"rendered":"<p>Las gorras, en blanco y negro, est\u00e1n ideales por su peso, s\u00faper ligeras, y nuestros dise\u00f1os les quedan padr\u00edsimo. El chapul\u00edn caracter\u00edstico del Bosque va bordado en blanco o negro, dependiendo del color de gorra que elijas.<\/p>","protected":false},"excerpt":{"rendered":"<p>Las gorras, en blanco y negro, est\u00e1n ideales por su peso, s\u00faper ligeras, y nuestros dise\u00f1os les quedan padr\u00edsimo. El chapul\u00edn caracter\u00edstico del Bosque va bordado en blanco o negro, dependiendo del color de gorra que elijas.<\/p>","protected":false},"featured_media":15772,"comment_status":"open","ping_status":"closed","template":"","meta":{"_acf_changed":false,"give_campaign_id":0},"product_brand":[],"product_cat":[955,929],"product_tag":[],"class_list":{"0":"post-10758","1":"product","2":"type-product","3":"status-publish","4":"has-post-thumbnail","6":"product_cat-gorras","7":"product_cat-vestir","9":"first","10":"instock","11":"shipping-taxable","12":"purchasable","13":"product-type-variable"},"acf":[],"_links":{"self":[{"href":"https:\/\/www.chapultepec.org.mx\/en\/wp-json\/wp\/v2\/product\/10758","targetHints":{"allow":["GET"]}}],"collection":[{"href":"https:\/\/www.chapultepec.org.mx\/en\/wp-json\/wp\/v2\/product"}],"about":[{"href":"https:\/\/www.chapultepec.org.mx\/en\/wp-json\/wp\/v2\/types\/product"}],"replies":[{"embeddable":true,"href":"https:\/\/www.chapultepec.org.mx\/en\/wp-json\/wp\/v2\/comments?post=10758"}],"wp:featuredmedia":[{"embeddable":true,"href":"https:\/\/www.chapultepec.org.mx\/en\/wp-json\/wp\/v2\/media\/15772"}],"wp:attachment":[{"href":"https:\/\/www.chapultepec.org.mx\/en\/wp-json\/wp\/v2\/media?parent=10758"}],"wp:term":[{"taxonomy":"product_brand","embeddable":true,"href":"https:\/\/www.chapultepec.org.mx\/en\/wp-json\/wp\/v2\/product_brand?post=10758"},{"taxonomy":"product_cat","embeddable":true,"href":"https:\/\/www.chapultepec.org.mx\/en\/wp-json\/wp\/v2\/product_cat?post=10758"},{"taxonomy":"product_tag","embeddable":true,"href":"https:\/\/www.chapultepec.org.mx\/en\/wp-json\/wp\/v2\/product_tag?post=10758"}],"curies":[{"name":"wp","href":"https:\/\/api.w.org\/{rel}","templated":true}]}}