{"id":10754,"date":"2021-06-04T09:33:09","date_gmt":"2021-06-04T15:33:09","guid":{"rendered":"https:\/\/www.chapultepec.org.mx\/?post_type=product&#038;p=10754"},"modified":"2021-06-04T09:33:09","modified_gmt":"2021-06-04T15:33:09","slug":"tote-bag-grillo-pro-bosque","status":"publish","type":"product","link":"https:\/\/www.chapultepec.org.mx\/en\/product\/tote-bag-grillo-pro-bosque\/","title":{"rendered":"Tote Bag Chapulin Manta Gruesa Pro Bosque Chapultepec"},"content":{"rendered":"<p>Buen\u00edsimo para lucir el emblema de nuestro Bosque y adem\u00e1s darle onda a tu outfit. Es de tela, con serigraf\u00eda a una tinta. Con tu donativo mejoras el Bosque de Chapultepec.<\/p>","protected":false},"excerpt":{"rendered":"<p>Buen\u00edsimo para lucir el emblema de nuestro Bosque y adem\u00e1s darle onda a tu outfit. Es de tela, con serigraf\u00eda a una tinta. Con tu donativo mejoras el Bosque de Chapultepec.<\/p>","protected":false},"featured_media":15813,"comment_status":"open","ping_status":"closed","template":"","meta":{"_acf_changed":false,"give_campaign_id":0},"product_brand":[],"product_cat":[949,952],"product_tag":[],"class_list":{"0":"post-10754","1":"product","2":"type-product","3":"status-publish","4":"has-post-thumbnail","6":"product_cat-regalos","7":"product_cat-tote-bag","9":"first","10":"instock","11":"shipping-taxable","12":"purchasable","13":"product-type-simple"},"acf":[],"_links":{"self":[{"href":"https:\/\/www.chapultepec.org.mx\/en\/wp-json\/wp\/v2\/product\/10754","targetHints":{"allow":["GET"]}}],"collection":[{"href":"https:\/\/www.chapultepec.org.mx\/en\/wp-json\/wp\/v2\/product"}],"about":[{"href":"https:\/\/www.chapultepec.org.mx\/en\/wp-json\/wp\/v2\/types\/product"}],"replies":[{"embeddable":true,"href":"https:\/\/www.chapultepec.org.mx\/en\/wp-json\/wp\/v2\/comments?post=10754"}],"wp:featuredmedia":[{"embeddable":true,"href":"https:\/\/www.chapultepec.org.mx\/en\/wp-json\/wp\/v2\/media\/15813"}],"wp:attachment":[{"href":"https:\/\/www.chapultepec.org.mx\/en\/wp-json\/wp\/v2\/media?parent=10754"}],"wp:term":[{"taxonomy":"product_brand","embeddable":true,"href":"https:\/\/www.chapultepec.org.mx\/en\/wp-json\/wp\/v2\/product_brand?post=10754"},{"taxonomy":"product_cat","embeddable":true,"href":"https:\/\/www.chapultepec.org.mx\/en\/wp-json\/wp\/v2\/product_cat?post=10754"},{"taxonomy":"product_tag","embeddable":true,"href":"https:\/\/www.chapultepec.org.mx\/en\/wp-json\/wp\/v2\/product_tag?post=10754"}],"curies":[{"name":"wp","href":"https:\/\/api.w.org\/{rel}","templated":true}]}}