{"id":10750,"date":"2021-06-04T09:33:08","date_gmt":"2021-06-04T15:33:08","guid":{"rendered":"https:\/\/www.chapultepec.org.mx\/?post_type=product&#038;p=10750"},"modified":"2021-06-04T09:33:08","modified_gmt":"2021-06-04T15:33:08","slug":"termo-jacaranda-acero-500-ml","status":"publish","type":"product","link":"https:\/\/www.chapultepec.org.mx\/en\/product\/termo-jacaranda-acero-500-ml\/","title":{"rendered":"Termo Jacaranda Blanco, Acero 500 ml Pro Bosque Chapultepec"},"content":{"rendered":"<p>Caliente y fr\u00edo, este lindo termo conserva la temperatura que quieres, tiene un super tama\u00f1o, es ligero, y tambi\u00e9n, una jacaranda en \u00e9l ya es un toque perfecto. Al adquirirlo es\u00e1s contribuyendo a las mejoras del Bosque. Caracter\u00edsticas: Termo de acero, 500 ml, blanco brillante con jacaranda en color morado.<\/p>","protected":false},"excerpt":{"rendered":"<p>Caliente y fr\u00edo, este lindo termo conserva la temperatura que quieres, tiene un super tama\u00f1o, es ligero, y tambi\u00e9n, una jacaranda en \u00e9l ya es un toque perfecto. Al adquirirlo es\u00e1s contribuyendo a las mejoras del Bosque. Caracter\u00edsticas: Termo de acero, 500 ml, blanco brillante con jacaranda en color morado.<\/p>","protected":false},"featured_media":15815,"comment_status":"open","ping_status":"closed","template":"","meta":{"_acf_changed":false,"give_campaign_id":0},"product_brand":[],"product_cat":[949,951],"product_tag":[],"class_list":{"0":"post-10750","1":"product","2":"type-product","3":"status-publish","4":"has-post-thumbnail","6":"product_cat-regalos","7":"product_cat-termo","9":"first","10":"outofstock","11":"shipping-taxable","12":"purchasable","13":"product-type-simple"},"acf":[],"_links":{"self":[{"href":"https:\/\/www.chapultepec.org.mx\/en\/wp-json\/wp\/v2\/product\/10750","targetHints":{"allow":["GET"]}}],"collection":[{"href":"https:\/\/www.chapultepec.org.mx\/en\/wp-json\/wp\/v2\/product"}],"about":[{"href":"https:\/\/www.chapultepec.org.mx\/en\/wp-json\/wp\/v2\/types\/product"}],"replies":[{"embeddable":true,"href":"https:\/\/www.chapultepec.org.mx\/en\/wp-json\/wp\/v2\/comments?post=10750"}],"wp:featuredmedia":[{"embeddable":true,"href":"https:\/\/www.chapultepec.org.mx\/en\/wp-json\/wp\/v2\/media\/15815"}],"wp:attachment":[{"href":"https:\/\/www.chapultepec.org.mx\/en\/wp-json\/wp\/v2\/media?parent=10750"}],"wp:term":[{"taxonomy":"product_brand","embeddable":true,"href":"https:\/\/www.chapultepec.org.mx\/en\/wp-json\/wp\/v2\/product_brand?post=10750"},{"taxonomy":"product_cat","embeddable":true,"href":"https:\/\/www.chapultepec.org.mx\/en\/wp-json\/wp\/v2\/product_cat?post=10750"},{"taxonomy":"product_tag","embeddable":true,"href":"https:\/\/www.chapultepec.org.mx\/en\/wp-json\/wp\/v2\/product_tag?post=10750"}],"curies":[{"name":"wp","href":"https:\/\/api.w.org\/{rel}","templated":true}]}}