{"id":10743,"date":"2021-06-04T09:33:07","date_gmt":"2021-06-04T15:33:07","guid":{"rendered":"https:\/\/www.chapultepec.org.mx\/?post_type=product&#038;p=10743"},"modified":"2021-06-04T09:33:07","modified_gmt":"2021-06-04T15:33:07","slug":"kit-thank-you-notes","status":"publish","type":"product","link":"https:\/\/www.chapultepec.org.mx\/en\/product\/kit-thank-you-notes\/","title":{"rendered":"Kit de 4 Thank You Notes"},"content":{"rendered":"<p>Jam\u00e1s va a pasar de moda el detalle de dar una tarjeta. Nuestros dise\u00f1os quedan adem\u00e1s para cualquier persona y ocasi\u00f3n. Si quieres hacer sentir bien a alguien, checa estas opciones y de paso ayudas al bosque. Est\u00e1n fabricadas con papel reciclable.<\/p>","protected":false},"excerpt":{"rendered":"<p>Jam\u00e1s va a pasar de moda el detalle de dar una tarjeta. Nuestros dise\u00f1os quedan adem\u00e1s para cualquier persona y ocasi\u00f3n. Si quieres hacer sentir bien a alguien, checa estas opciones y de paso ayudas al bosque. Est\u00e1n fabricadas con papel reciclable.<\/p>","protected":false},"featured_media":15818,"comment_status":"open","ping_status":"closed","template":"","meta":{"_acf_changed":false,"give_campaign_id":0},"product_brand":[],"product_cat":[949,950],"product_tag":[],"class_list":{"0":"post-10743","1":"product","2":"type-product","3":"status-publish","4":"has-post-thumbnail","6":"product_cat-regalos","7":"product_cat-thank-you-notes","9":"first","10":"outofstock","11":"shipping-taxable","12":"purchasable","13":"product-type-simple"},"acf":[],"_links":{"self":[{"href":"https:\/\/www.chapultepec.org.mx\/en\/wp-json\/wp\/v2\/product\/10743","targetHints":{"allow":["GET"]}}],"collection":[{"href":"https:\/\/www.chapultepec.org.mx\/en\/wp-json\/wp\/v2\/product"}],"about":[{"href":"https:\/\/www.chapultepec.org.mx\/en\/wp-json\/wp\/v2\/types\/product"}],"replies":[{"embeddable":true,"href":"https:\/\/www.chapultepec.org.mx\/en\/wp-json\/wp\/v2\/comments?post=10743"}],"wp:featuredmedia":[{"embeddable":true,"href":"https:\/\/www.chapultepec.org.mx\/en\/wp-json\/wp\/v2\/media\/15818"}],"wp:attachment":[{"href":"https:\/\/www.chapultepec.org.mx\/en\/wp-json\/wp\/v2\/media?parent=10743"}],"wp:term":[{"taxonomy":"product_brand","embeddable":true,"href":"https:\/\/www.chapultepec.org.mx\/en\/wp-json\/wp\/v2\/product_brand?post=10743"},{"taxonomy":"product_cat","embeddable":true,"href":"https:\/\/www.chapultepec.org.mx\/en\/wp-json\/wp\/v2\/product_cat?post=10743"},{"taxonomy":"product_tag","embeddable":true,"href":"https:\/\/www.chapultepec.org.mx\/en\/wp-json\/wp\/v2\/product_tag?post=10743"}],"curies":[{"name":"wp","href":"https:\/\/api.w.org\/{rel}","templated":true}]}}