{"id":10735,"date":"2021-06-04T09:33:05","date_gmt":"2021-06-04T15:33:05","guid":{"rendered":"https:\/\/www.chapultepec.org.mx\/?post_type=product&#038;p=10735"},"modified":"2021-06-04T09:33:05","modified_gmt":"2021-06-04T15:33:05","slug":"sudadera-tronco","status":"publish","type":"product","link":"https:\/\/www.chapultepec.org.mx\/en\/product\/sudadera-tronco\/","title":{"rendered":"Sudadera Huella Tronco Ahuehuete Pro Bosque Chapultepec"},"content":{"rendered":"<p>El c\u00edrculo con l\u00edneas minimalistas que forma este discreto tronco luce much\u00edsimo en esta sudadera, ideal para hacer ejercicio, pero tambi\u00e9n se ve muy linda con jeans. El\u00edgela y tu donativo se traducir\u00e1 en mejoras al Bosque de Chapultepec para que t\u00fa y millones de personas lo disfruten.<\/p>","protected":false},"excerpt":{"rendered":"<p>El c\u00edrculo con l\u00edneas minimalistas que forma este discreto tronco luce much\u00edsimo en esta sudadera, ideal para hacer ejercicio, pero tambi\u00e9n se ve muy linda con jeans. El\u00edgela y tu donativo se traducir\u00e1 en mejoras al Bosque de Chapultepec para que t\u00fa y millones de personas lo disfruten.<\/p>","protected":false},"featured_media":15820,"comment_status":"open","ping_status":"closed","template":"","meta":{"_acf_changed":false,"give_campaign_id":0},"product_brand":[],"product_cat":[945,929],"product_tag":[],"class_list":{"0":"post-10735","1":"product","2":"type-product","3":"status-publish","4":"has-post-thumbnail","6":"product_cat-sudaderas","7":"product_cat-vestir","9":"first","10":"instock","11":"shipping-taxable","12":"purchasable","13":"product-type-variable"},"acf":[],"_links":{"self":[{"href":"https:\/\/www.chapultepec.org.mx\/en\/wp-json\/wp\/v2\/product\/10735","targetHints":{"allow":["GET"]}}],"collection":[{"href":"https:\/\/www.chapultepec.org.mx\/en\/wp-json\/wp\/v2\/product"}],"about":[{"href":"https:\/\/www.chapultepec.org.mx\/en\/wp-json\/wp\/v2\/types\/product"}],"replies":[{"embeddable":true,"href":"https:\/\/www.chapultepec.org.mx\/en\/wp-json\/wp\/v2\/comments?post=10735"}],"wp:featuredmedia":[{"embeddable":true,"href":"https:\/\/www.chapultepec.org.mx\/en\/wp-json\/wp\/v2\/media\/15820"}],"wp:attachment":[{"href":"https:\/\/www.chapultepec.org.mx\/en\/wp-json\/wp\/v2\/media?parent=10735"}],"wp:term":[{"taxonomy":"product_brand","embeddable":true,"href":"https:\/\/www.chapultepec.org.mx\/en\/wp-json\/wp\/v2\/product_brand?post=10735"},{"taxonomy":"product_cat","embeddable":true,"href":"https:\/\/www.chapultepec.org.mx\/en\/wp-json\/wp\/v2\/product_cat?post=10735"},{"taxonomy":"product_tag","embeddable":true,"href":"https:\/\/www.chapultepec.org.mx\/en\/wp-json\/wp\/v2\/product_tag?post=10735"}],"curies":[{"name":"wp","href":"https:\/\/api.w.org\/{rel}","templated":true}]}}