{"id":10733,"date":"2021-06-04T09:33:05","date_gmt":"2021-06-04T15:33:05","guid":{"rendered":"https:\/\/www.chapultepec.org.mx\/?post_type=product&#038;p=10733"},"modified":"2021-06-04T09:33:05","modified_gmt":"2021-06-04T15:33:05","slug":"playera-jacaranda","status":"publish","type":"product","link":"https:\/\/www.chapultepec.org.mx\/en\/product\/playera-jacaranda\/","title":{"rendered":"Playera Jacaranda Pro Bosque Chapultepec"},"content":{"rendered":"<p>Con el tiempo estos \u00e1rboles se han convertido en signo de la primavera en la ciudad. Sus colores, como mareas de morados, le dan un toque on\u00edrico a la CDMX y por eso decidimos incluirlos en nuestros dise\u00f1os. Esta playera en algod\u00f3n, con impresi\u00f3n en serigraf\u00eda se convierte en un donativo para mejorar el Bosque de Chapultepec<\/p>","protected":false},"excerpt":{"rendered":"<p>Con el tiempo estos \u00e1rboles se han convertido en signo de la primavera en la ciudad. Sus colores, como mareas de morados, le dan un toque on\u00edrico a la CDMX y por eso decidimos incluirlos en nuestros dise\u00f1os. Esta playera en algod\u00f3n, con impresi\u00f3n en serigraf\u00eda se convierte en un donativo para mejorar el Bosque [&hellip;]<\/p>","protected":false},"featured_media":15851,"comment_status":"open","ping_status":"closed","template":"","meta":{"_acf_changed":false,"give_campaign_id":0},"product_brand":[],"product_cat":[928,929],"product_tag":[],"class_list":{"0":"post-10733","1":"product","2":"type-product","3":"status-publish","4":"has-post-thumbnail","6":"product_cat-playeras","7":"product_cat-vestir","9":"first","10":"instock","11":"shipping-taxable","12":"purchasable","13":"product-type-variable","14":"has-default-attributes"},"acf":[],"_links":{"self":[{"href":"https:\/\/www.chapultepec.org.mx\/en\/wp-json\/wp\/v2\/product\/10733","targetHints":{"allow":["GET"]}}],"collection":[{"href":"https:\/\/www.chapultepec.org.mx\/en\/wp-json\/wp\/v2\/product"}],"about":[{"href":"https:\/\/www.chapultepec.org.mx\/en\/wp-json\/wp\/v2\/types\/product"}],"replies":[{"embeddable":true,"href":"https:\/\/www.chapultepec.org.mx\/en\/wp-json\/wp\/v2\/comments?post=10733"}],"wp:featuredmedia":[{"embeddable":true,"href":"https:\/\/www.chapultepec.org.mx\/en\/wp-json\/wp\/v2\/media\/15851"}],"wp:attachment":[{"href":"https:\/\/www.chapultepec.org.mx\/en\/wp-json\/wp\/v2\/media?parent=10733"}],"wp:term":[{"taxonomy":"product_brand","embeddable":true,"href":"https:\/\/www.chapultepec.org.mx\/en\/wp-json\/wp\/v2\/product_brand?post=10733"},{"taxonomy":"product_cat","embeddable":true,"href":"https:\/\/www.chapultepec.org.mx\/en\/wp-json\/wp\/v2\/product_cat?post=10733"},{"taxonomy":"product_tag","embeddable":true,"href":"https:\/\/www.chapultepec.org.mx\/en\/wp-json\/wp\/v2\/product_tag?post=10733"}],"curies":[{"name":"wp","href":"https:\/\/api.w.org\/{rel}","templated":true}]}}