{"id":10732,"date":"2021-06-04T09:33:05","date_gmt":"2021-06-04T15:33:05","guid":{"rendered":"https:\/\/www.chapultepec.org.mx\/?post_type=product&#038;p=10732"},"modified":"2021-06-04T09:33:05","modified_gmt":"2021-06-04T15:33:05","slug":"playera-tronco","status":"publish","type":"product","link":"https:\/\/www.chapultepec.org.mx\/en\/product\/playera-tronco\/","title":{"rendered":"Playera Huella Tronco Ahuehuete Pro Bosque Chapultepec"},"content":{"rendered":"<p>Cada anillo de los troncos representa el tiempo de vida de estos seres tan hermosos. Con este dise\u00f1o minimalista le rendimos tributo a su belleza y magnificencia. Al elegir esta playera de algod\u00f3n, impresa en serigraf\u00eda, har\u00e1s un donativo que procura la vida en el Bosque de Chapultepec.<\/p>","protected":false},"excerpt":{"rendered":"<p>Cada anillo de los troncos representa el tiempo de vida de estos seres tan hermosos. Con este dise\u00f1o minimalista le rendimos tributo a su belleza y magnificencia. Al elegir esta playera de algod\u00f3n, impresa en serigraf\u00eda, har\u00e1s un donativo que procura la vida en el Bosque de Chapultepec.<\/p>","protected":false},"featured_media":15851,"comment_status":"open","ping_status":"closed","template":"","meta":{"_acf_changed":false,"give_campaign_id":0},"product_brand":[],"product_cat":[928,929],"product_tag":[],"class_list":{"0":"post-10732","1":"product","2":"type-product","3":"status-publish","4":"has-post-thumbnail","6":"product_cat-playeras","7":"product_cat-vestir","9":"first","10":"instock","11":"shipping-taxable","12":"purchasable","13":"product-type-variable"},"acf":[],"_links":{"self":[{"href":"https:\/\/www.chapultepec.org.mx\/en\/wp-json\/wp\/v2\/product\/10732","targetHints":{"allow":["GET"]}}],"collection":[{"href":"https:\/\/www.chapultepec.org.mx\/en\/wp-json\/wp\/v2\/product"}],"about":[{"href":"https:\/\/www.chapultepec.org.mx\/en\/wp-json\/wp\/v2\/types\/product"}],"replies":[{"embeddable":true,"href":"https:\/\/www.chapultepec.org.mx\/en\/wp-json\/wp\/v2\/comments?post=10732"}],"wp:featuredmedia":[{"embeddable":true,"href":"https:\/\/www.chapultepec.org.mx\/en\/wp-json\/wp\/v2\/media\/15851"}],"wp:attachment":[{"href":"https:\/\/www.chapultepec.org.mx\/en\/wp-json\/wp\/v2\/media?parent=10732"}],"wp:term":[{"taxonomy":"product_brand","embeddable":true,"href":"https:\/\/www.chapultepec.org.mx\/en\/wp-json\/wp\/v2\/product_brand?post=10732"},{"taxonomy":"product_cat","embeddable":true,"href":"https:\/\/www.chapultepec.org.mx\/en\/wp-json\/wp\/v2\/product_cat?post=10732"},{"taxonomy":"product_tag","embeddable":true,"href":"https:\/\/www.chapultepec.org.mx\/en\/wp-json\/wp\/v2\/product_tag?post=10732"}],"curies":[{"name":"wp","href":"https:\/\/api.w.org\/{rel}","templated":true}]}}