{"id":10731,"date":"2021-06-04T09:33:05","date_gmt":"2021-06-04T15:33:05","guid":{"rendered":"https:\/\/www.chapultepec.org.mx\/?post_type=product&#038;p=10731"},"modified":"2021-06-04T09:33:05","modified_gmt":"2021-06-04T15:33:05","slug":"playera-grillo-pro-bosque","status":"publish","type":"product","link":"https:\/\/www.chapultepec.org.mx\/en\/product\/playera-grillo-pro-bosque\/","title":{"rendered":"Playera Chapul\u00edn Pro Bosque Chapultepec"},"content":{"rendered":"<p>El s\u00edmbolo de nuestro Bosque es un grillo, por eso homenajeamos con un dise\u00f1o minimalista a nuestro pulm\u00f3n con este animal, siempre asociado al cerro de este incre\u00edble espacio de la Ciudad de M\u00e9xico. Al seleccionar esta playera de algod\u00f3n, impresa en serigraf\u00eda, est\u00e1s contribuyendo a proteger la vida de las especies del Bosque de Chapultepec.<\/p>","protected":false},"excerpt":{"rendered":"<p>El s\u00edmbolo de nuestro Bosque es un grillo, por eso homenajeamos con un dise\u00f1o minimalista a nuestro pulm\u00f3n con este animal, siempre asociado al cerro de este incre\u00edble espacio de la Ciudad de M\u00e9xico. Al seleccionar esta playera de algod\u00f3n, impresa en serigraf\u00eda, est\u00e1s contribuyendo a proteger la vida de las especies del Bosque de [&hellip;]<\/p>","protected":false},"featured_media":15851,"comment_status":"open","ping_status":"closed","template":"","meta":{"_acf_changed":false,"give_campaign_id":0},"product_brand":[],"product_cat":[928,929],"product_tag":[],"class_list":{"0":"post-10731","1":"product","2":"type-product","3":"status-publish","4":"has-post-thumbnail","6":"product_cat-playeras","7":"product_cat-vestir","9":"first","10":"instock","11":"shipping-taxable","12":"purchasable","13":"product-type-variable"},"acf":[],"_links":{"self":[{"href":"https:\/\/www.chapultepec.org.mx\/en\/wp-json\/wp\/v2\/product\/10731","targetHints":{"allow":["GET"]}}],"collection":[{"href":"https:\/\/www.chapultepec.org.mx\/en\/wp-json\/wp\/v2\/product"}],"about":[{"href":"https:\/\/www.chapultepec.org.mx\/en\/wp-json\/wp\/v2\/types\/product"}],"replies":[{"embeddable":true,"href":"https:\/\/www.chapultepec.org.mx\/en\/wp-json\/wp\/v2\/comments?post=10731"}],"wp:featuredmedia":[{"embeddable":true,"href":"https:\/\/www.chapultepec.org.mx\/en\/wp-json\/wp\/v2\/media\/15851"}],"wp:attachment":[{"href":"https:\/\/www.chapultepec.org.mx\/en\/wp-json\/wp\/v2\/media?parent=10731"}],"wp:term":[{"taxonomy":"product_brand","embeddable":true,"href":"https:\/\/www.chapultepec.org.mx\/en\/wp-json\/wp\/v2\/product_brand?post=10731"},{"taxonomy":"product_cat","embeddable":true,"href":"https:\/\/www.chapultepec.org.mx\/en\/wp-json\/wp\/v2\/product_cat?post=10731"},{"taxonomy":"product_tag","embeddable":true,"href":"https:\/\/www.chapultepec.org.mx\/en\/wp-json\/wp\/v2\/product_tag?post=10731"}],"curies":[{"name":"wp","href":"https:\/\/api.w.org\/{rel}","templated":true}]}}