{"id":193,"date":"2025-05-17T04:41:06","date_gmt":"2025-05-17T04:41:06","guid":{"rendered":"https:\/\/staging.chapultepec.org.mx\/?page_id=193"},"modified":"2025-12-04T15:23:15","modified_gmt":"2025-12-04T21:23:15","slug":"dona-al-fideicomiso-del-bosque","status":"publish","type":"page","link":"https:\/\/www.chapultepec.org.mx\/en\/dona-al-fideicomiso-del-bosque\/","title":{"rendered":"Dona Al Fideicomiso Del Bosque"},"content":{"rendered":"<div data-elementor-type=\"wp-page\" data-elementor-id=\"193\" class=\"elementor elementor-193\" data-elementor-post-type=\"page\">\n\t\t\t\t<div class=\"elementor-element elementor-element-07b83ef e-flex e-con-boxed e-con e-parent\" data-id=\"07b83ef\" data-element_type=\"container\" data-settings=\"{&quot;background_background&quot;:&quot;classic&quot;}\">\n\t\t\t\t\t<div class=\"e-con-inner\">\n\t\t<div class=\"elementor-element elementor-element-178242f e-con-full e-flex e-con e-child\" data-id=\"178242f\" data-element_type=\"container\">\n\t\t\t\t<div class=\"elementor-element elementor-element-3ece845 elementor-widget elementor-widget-heading\" data-id=\"3ece845\" data-element_type=\"widget\" data-widget_type=\"heading.default\">\n\t\t\t\t<div class=\"elementor-widget-container\">\n\t\t\t\t\t<h2 class=\"elementor-heading-title elementor-size-default\">\u00a1Por nuestro <span style=\"color:#6C9748\"> pulm\u00f3n verde!<\/span><\/h2>\t\t\t\t<\/div>\n\t\t\t\t<\/div>\n\t\t\t\t<div class=\"elementor-element elementor-element-e755b19 elementor-widget elementor-widget-text-editor\" data-id=\"e755b19\" data-element_type=\"widget\" data-widget_type=\"text-editor.default\">\n\t\t\t\t<div class=\"elementor-widget-container\">\n\t\t\t\t\t\t\t\t\tApoya con tu donativo a la conservaci\u00f3n y procuraci\u00f3n del Pulm\u00f3n Verde m\u00e1s importante de la CDMX\t\t\t\t\t\t\t\t<\/div>\n\t\t\t\t<\/div>\n\t\t\t\t<div class=\"elementor-element elementor-element-0204b1b elementor-mobile-align-justify donar elementor-widget elementor-widget-button\" data-id=\"0204b1b\" data-element_type=\"widget\" data-widget_type=\"button.default\">\n\t\t\t\t<div class=\"elementor-widget-container\">\n\t\t\t\t\t\t\t\t\t<div class=\"elementor-button-wrapper\">\n\t\t\t\t\t<a class=\"elementor-button elementor-button-link elementor-size-sm\" href=\"#\" id=\"btn-donar-formulario\">\n\t\t\t\t\t\t<span class=\"elementor-button-content-wrapper\">\n\t\t\t\t\t\t\t\t\t<span class=\"elementor-button-text\">Donate<\/span>\n\t\t\t\t\t<\/span>\n\t\t\t\t\t<\/a>\n\t\t\t\t<\/div>\n\t\t\t\t\t\t\t\t<\/div>\n\t\t\t\t<\/div>\n\t\t\t\t<\/div>\n\t\t\t\t\t<\/div>\n\t\t\t\t<\/div>\n\t\t<div class=\"elementor-element elementor-element-4f6dd34 e-flex e-con-boxed e-con e-parent\" data-id=\"4f6dd34\" data-element_type=\"container\" data-settings=\"{&quot;background_background&quot;:&quot;classic&quot;}\">\n\t\t\t\t\t<div class=\"e-con-inner\">\n\t\t<div class=\"elementor-element elementor-element-598f9a5 e-con-full e-flex e-con e-child\" data-id=\"598f9a5\" data-element_type=\"container\">\n\t\t\t\t<div class=\"elementor-element elementor-element-79bc50d elementor-widget elementor-widget-image\" data-id=\"79bc50d\" data-element_type=\"widget\" data-widget_type=\"image.default\">\n\t\t\t\t<div class=\"elementor-widget-container\">\n\t\t\t\t\t\t\t\t\t\t\t\t\t\t\t<img fetchpriority=\"high\" decoding=\"async\" width=\"698\" height=\"576\" src=\"https:\/\/www.chapultepec.org.mx\/wp-content\/uploads\/2025\/05\/Aguila-bg-1.png\" class=\"attachment-full size-full wp-image-197\" alt=\"\" srcset=\"https:\/\/www.chapultepec.org.mx\/wp-content\/uploads\/2025\/05\/Aguila-bg-1.png 698w, https:\/\/www.chapultepec.org.mx\/wp-content\/uploads\/2025\/05\/Aguila-bg-1-300x248.png 300w, https:\/\/www.chapultepec.org.mx\/wp-content\/uploads\/2025\/05\/Aguila-bg-1-600x495.png 600w\" sizes=\"(max-width: 698px) 100vw, 698px\" \/>\t\t\t\t\t\t\t\t\t\t\t\t\t\t\t<\/div>\n\t\t\t\t<\/div>\n\t\t\t\t<\/div>\n\t\t<div class=\"elementor-element elementor-element-42b012c e-con-full e-flex e-con e-child\" data-id=\"42b012c\" data-element_type=\"container\">\n\t\t\t\t<div class=\"elementor-element elementor-element-0501647 elementor-widget elementor-widget-heading\" data-id=\"0501647\" data-element_type=\"widget\" data-widget_type=\"heading.default\">\n\t\t\t\t<div class=\"elementor-widget-container\">\n\t\t\t\t\t<h2 class=\"elementor-heading-title elementor-size-default\">\u00a1Con tu  <span style=\"color:#6C9748\">apoyo!<\/span><\/h2>\t\t\t\t<\/div>\n\t\t\t\t<\/div>\n\t\t\t\t<div class=\"elementor-element elementor-element-76af126 elementor-widget elementor-widget-text-editor\" data-id=\"76af126\" data-element_type=\"widget\" data-widget_type=\"text-editor.default\">\n\t\t\t\t<div class=\"elementor-widget-container\">\n\t\t\t\t\t\t\t\t\tEl Bosque de Chapultepec es un \u00e1rea de valor ambiental bajo la categor\u00eda de Bosque Urbano. Es un espacio de gran importancia y trascendencia por los servicios ambientales que proporciona a los citadinos y al entorno urbano. Por otro lado, representa un bien p\u00fablico y la oportunidad de un contacto cercano con la naturaleza y, el uso gratuito de instalaciones culturales, deportivas y recreativas para el desarrollo de m\u00faltiples actividades que promueven la convivencia social, por lo que es imprescindible conservarlo, protegerlo y mejorarlo para el goce y disfrute de la sociedad.\t\t\t\t\t\t\t\t<\/div>\n\t\t\t\t<\/div>\n\t\t\t\t<div class=\"elementor-element elementor-element-5376e44 elementor-mobile-align-justify donar elementor-widget elementor-widget-button\" data-id=\"5376e44\" data-element_type=\"widget\" data-widget_type=\"button.default\">\n\t\t\t\t<div class=\"elementor-widget-container\">\n\t\t\t\t\t\t\t\t\t<div class=\"elementor-button-wrapper\">\n\t\t\t\t\t<a class=\"elementor-button elementor-button-link elementor-size-sm\" href=\"#\" id=\"btn-donar-formulario\">\n\t\t\t\t\t\t<span class=\"elementor-button-content-wrapper\">\n\t\t\t\t\t\t\t\t\t<span class=\"elementor-button-text\">Donate<\/span>\n\t\t\t\t\t<\/span>\n\t\t\t\t\t<\/a>\n\t\t\t\t<\/div>\n\t\t\t\t\t\t\t\t<\/div>\n\t\t\t\t<\/div>\n\t\t\t\t<\/div>\n\t\t\t\t\t<\/div>\n\t\t\t\t<\/div>\n\t\t<div class=\"elementor-element elementor-element-08a656d e-flex e-con-boxed e-con e-parent\" data-id=\"08a656d\" data-element_type=\"container\" data-settings=\"{&quot;background_background&quot;:&quot;classic&quot;}\">\n\t\t\t\t\t<div class=\"e-con-inner\">\n\t\t\t\t<div class=\"elementor-element elementor-element-fbc3198 elementor-widget elementor-widget-heading\" data-id=\"fbc3198\" data-element_type=\"widget\" data-widget_type=\"heading.default\">\n\t\t\t\t<div class=\"elementor-widget-container\">\n\t\t\t\t\t<h2 class=\"elementor-heading-title elementor-size-default\">Cuando decides donar al Fideicomiso, <span style=\"color:#6C9748\">apoyas estas acciones:<\/span><\/h2>\t\t\t\t<\/div>\n\t\t\t\t<\/div>\n\t\t<div class=\"elementor-element elementor-element-b6bc328 e-flex e-con-boxed e-con e-child\" data-id=\"b6bc328\" data-element_type=\"container\">\n\t\t\t\t\t<div class=\"e-con-inner\">\n\t\t<div class=\"elementor-element elementor-element-fef2196 e-con-full e-flex e-con e-child\" data-id=\"fef2196\" data-element_type=\"container\">\n\t\t\t\t<div class=\"elementor-element elementor-element-f29b617 elementor-widget elementor-widget-text-editor\" data-id=\"f29b617\" data-element_type=\"widget\" data-widget_type=\"text-editor.default\">\n\t\t\t\t<div class=\"elementor-widget-container\">\n\t\t\t\t\t\t\t\t\t\u25cf <span style=\"color: #4a7128; font-weight: 500;\">Financiar la elaboraci\u00f3n de estudios<\/span> de investigaci\u00f3n, diagn\u00f3sticos, programas de manejo, inventarios forestales, proyectos ejecutivos, planes maestros, programas de reforestaci\u00f3n, endoterapia vegetal, entre otros.\t\t\t\t\t\t\t\t<\/div>\n\t\t\t\t<\/div>\n\t\t\t\t<\/div>\n\t\t<div class=\"elementor-element elementor-element-7c006ee e-con-full e-flex e-con e-child\" data-id=\"7c006ee\" data-element_type=\"container\">\n\t\t\t\t<div class=\"elementor-element elementor-element-c509ca9 elementor-widget elementor-widget-text-editor\" data-id=\"c509ca9\" data-element_type=\"widget\" data-widget_type=\"text-editor.default\">\n\t\t\t\t<div class=\"elementor-widget-container\">\n\t\t\t\t\t\t\t\t\t\u25cf <span style=\"color: #4a7128; font-weight: 500;\">Proyectos de rehabilitaci\u00f3n y dignificaci\u00f3n de espacios<\/span>, como fuentes, monumentos, esculturas, edificios hist\u00f3ricos y equipamiento urbano (bancas, luminarias, se\u00f1al\u00e9tica, mesas de picnic, m\u00f3dulos de residuos s\u00f3lidos).\t\t\t\t\t\t\t\t<\/div>\n\t\t\t\t<\/div>\n\t\t\t\t<\/div>\n\t\t\t\t\t<\/div>\n\t\t\t\t<\/div>\n\t\t\t\t\t<\/div>\n\t\t\t\t<\/div>\n\t\t\t\t<\/div>","protected":false},"excerpt":{"rendered":"<p>\u00a1Por nuestro pulm\u00f3n verde! Apoya con tu donativo a la conservaci\u00f3n y procuraci\u00f3n del Pulm\u00f3n Verde m\u00e1s importante de la CDMX Donar \u00a1Con tu apoyo! El Bosque de Chapultepec es un \u00e1rea de valor ambiental bajo la categor\u00eda de Bosque Urbano. Es un espacio de gran importancia y trascendencia por los servicios ambientales que proporciona [&hellip;]<\/p>","protected":false},"author":1,"featured_media":0,"parent":0,"menu_order":0,"comment_status":"closed","ping_status":"closed","template":"elementor_header_footer","meta":{"_acf_changed":false,"give_campaign_id":0,"footnotes":""},"class_list":["post-193","page","type-page","status-publish","hentry"],"acf":[],"campaignId":"","_links":{"self":[{"href":"https:\/\/www.chapultepec.org.mx\/en\/wp-json\/wp\/v2\/pages\/193","targetHints":{"allow":["GET"]}}],"collection":[{"href":"https:\/\/www.chapultepec.org.mx\/en\/wp-json\/wp\/v2\/pages"}],"about":[{"href":"https:\/\/www.chapultepec.org.mx\/en\/wp-json\/wp\/v2\/types\/page"}],"author":[{"embeddable":true,"href":"https:\/\/www.chapultepec.org.mx\/en\/wp-json\/wp\/v2\/users\/1"}],"replies":[{"embeddable":true,"href":"https:\/\/www.chapultepec.org.mx\/en\/wp-json\/wp\/v2\/comments?post=193"}],"version-history":[{"count":32,"href":"https:\/\/www.chapultepec.org.mx\/en\/wp-json\/wp\/v2\/pages\/193\/revisions"}],"predecessor-version":[{"id":27882,"href":"https:\/\/www.chapultepec.org.mx\/en\/wp-json\/wp\/v2\/pages\/193\/revisions\/27882"}],"wp:attachment":[{"href":"https:\/\/www.chapultepec.org.mx\/en\/wp-json\/wp\/v2\/media?parent=193"}],"curies":[{"name":"wp","href":"https:\/\/api.w.org\/{rel}","templated":true}]}}